{"id":1065,"date":"2025-02-02T11:30:26","date_gmt":"2025-02-02T17:30:26","guid":{"rendered":"https:\/\/paraleloarquitecturaypaisaje.com\/arquitectura-entretenimiento-paisaje\/senya-copy\/"},"modified":"2025-05-14T09:37:13","modified_gmt":"2025-05-14T15:37:13","slug":"monarca","status":"publish","type":"page","link":"https:\/\/paraleloarquitecturaypaisaje.com\/en\/diseno-urbano\/monarca\/","title":{"rendered":"Monarca"},"content":{"rendered":"\t\t<div data-elementor-type=\"wp-page\" data-elementor-id=\"1065\" class=\"elementor elementor-1065\">\n\t\t\t\t<div class=\"elementor-element elementor-element-b9fd04d e-flex e-con-boxed e-con e-parent\" data-id=\"b9fd04d\" data-element_type=\"container\" data-e-type=\"container\">\n\t\t\t\t\t<div class=\"e-con-inner\">\n\t\t<div class=\"elementor-element elementor-element-99ce152 e-con-full e-flex e-con e-child\" data-id=\"99ce152\" data-element_type=\"container\" data-e-type=\"container\">\n\t\t\t\t<div class=\"elementor-element elementor-element-0d5d9d4 elementor-widget elementor-widget-image\" data-id=\"0d5d9d4\" data-element_type=\"widget\" data-e-type=\"widget\" data-widget_type=\"image.default\">\n\t\t\t\t<div class=\"elementor-widget-container\">\n\t\t\t\t\t\t\t\t\t\t\t\t\t\t\t<img fetchpriority=\"high\" decoding=\"async\" width=\"1773\" height=\"836\" src=\"https:\/\/paraleloarquitecturaypaisaje.com\/wp-content\/uploads\/2025\/02\/3.-Maqueta-conceptual.png\" class=\"attachment-full size-full wp-image-1067\" alt=\"Monarca Puerto Vallarta\" srcset=\"https:\/\/paraleloarquitecturaypaisaje.com\/wp-content\/uploads\/2025\/02\/3.-Maqueta-conceptual.png 1773w, https:\/\/paraleloarquitecturaypaisaje.com\/wp-content\/uploads\/2025\/02\/3.-Maqueta-conceptual-300x141.png 300w, https:\/\/paraleloarquitecturaypaisaje.com\/wp-content\/uploads\/2025\/02\/3.-Maqueta-conceptual-1024x483.png 1024w, https:\/\/paraleloarquitecturaypaisaje.com\/wp-content\/uploads\/2025\/02\/3.-Maqueta-conceptual-768x362.png 768w, https:\/\/paraleloarquitecturaypaisaje.com\/wp-content\/uploads\/2025\/02\/3.-Maqueta-conceptual-1536x724.png 1536w, https:\/\/paraleloarquitecturaypaisaje.com\/wp-content\/uploads\/2025\/02\/3.-Maqueta-conceptual-18x8.png 18w\" sizes=\"(max-width: 1773px) 100vw, 1773px\" \/>\t\t\t\t\t\t\t\t\t\t\t\t\t\t\t<\/div>\n\t\t\t\t<\/div>\n\t\t\t\t<\/div>\n\t\t<div class=\"elementor-element elementor-element-9812217 e-con-full e-flex e-con e-child\" data-id=\"9812217\" data-element_type=\"container\" data-e-type=\"container\">\n\t\t\t\t<div class=\"elementor-element elementor-element-e620e80 elementor-widget elementor-widget-text-editor\" data-id=\"e620e80\" data-element_type=\"widget\" data-e-type=\"widget\" data-widget_type=\"text-editor.default\">\n\t\t\t\t<div class=\"elementor-widget-container\">\n\t\t\t\t\t\t\t\t\t<p>Monarca<\/p>\t\t\t\t\t\t\t\t<\/div>\n\t\t\t\t<\/div>\n\t\t\t\t<div class=\"elementor-element elementor-element-a90a851 elementor-widget elementor-widget-text-editor\" data-id=\"a90a851\" data-element_type=\"widget\" data-e-type=\"widget\" data-widget_type=\"text-editor.default\">\n\t\t\t\t<div class=\"elementor-widget-container\">\n\t\t\t\t\t\t\t\t\t<p>Puerto Vallarta | M\u00e9xico | 2024<\/p>\t\t\t\t\t\t\t\t<\/div>\n\t\t\t\t<\/div>\n\t\t\t\t<div class=\"elementor-element elementor-element-d3de38c elementor-widget elementor-widget-text-editor\" data-id=\"d3de38c\" data-element_type=\"widget\" data-e-type=\"widget\" data-widget_type=\"text-editor.default\">\n\t\t\t\t<div class=\"elementor-widget-container\">\n\t\t\t\t\t\t\t\t\t<p>Cliente: <strong>Stale<\/strong><br \/>Desarrollo habitacional y comercial<br \/>Superficie: <strong>5.58 Has<\/strong><br \/>Unidades: <strong>555<\/strong><\/p>\t\t\t\t\t\t\t\t<\/div>\n\t\t\t\t<\/div>\n\t\t\t\t<\/div>\n\t\t\t\t\t<\/div>\n\t\t\t\t<\/div>\n\t\t<div class=\"elementor-element elementor-element-d0c719f e-flex e-con-boxed e-con e-parent\" data-id=\"d0c719f\" data-element_type=\"container\" data-e-type=\"container\">\n\t\t\t\t\t<div class=\"e-con-inner\">\n\t\t<div class=\"elementor-element elementor-element-ebf98a2 e-con-full e-flex e-con e-child\" data-id=\"ebf98a2\" data-element_type=\"container\" data-e-type=\"container\">\n\t\t<div class=\"elementor-element elementor-element-967bc26 e-con-full e-flex e-con e-child\" data-id=\"967bc26\" data-element_type=\"container\" data-e-type=\"container\" data-settings=\"{&quot;background_background&quot;:&quot;classic&quot;}\">\n\t\t\t\t<div class=\"elementor-element elementor-element-8b2bc27 elementor-widget elementor-widget-image\" data-id=\"8b2bc27\" data-element_type=\"widget\" data-e-type=\"widget\" data-widget_type=\"image.default\">\n\t\t\t\t<div class=\"elementor-widget-container\">\n\t\t\t\t\t\t\t\t\t\t\t\t\t\t\t<img decoding=\"async\" width=\"1024\" height=\"548\" data-src=\"https:\/\/paraleloarquitecturaypaisaje.com\/wp-content\/uploads\/2025\/02\/2.-Planta-Conceptual-e1740416682260-1024x548.png\" class=\"attachment-large size-large wp-image-1069 lazyload\" alt=\"\" data-srcset=\"https:\/\/paraleloarquitecturaypaisaje.com\/wp-content\/uploads\/2025\/02\/2.-Planta-Conceptual-e1740416682260-1024x548.png 1024w, https:\/\/paraleloarquitecturaypaisaje.com\/wp-content\/uploads\/2025\/02\/2.-Planta-Conceptual-e1740416682260-300x161.png 300w, https:\/\/paraleloarquitecturaypaisaje.com\/wp-content\/uploads\/2025\/02\/2.-Planta-Conceptual-e1740416682260-768x411.png 768w, https:\/\/paraleloarquitecturaypaisaje.com\/wp-content\/uploads\/2025\/02\/2.-Planta-Conceptual-e1740416682260-1536x822.png 1536w, https:\/\/paraleloarquitecturaypaisaje.com\/wp-content\/uploads\/2025\/02\/2.-Planta-Conceptual-e1740416682260-18x10.png 18w, https:\/\/paraleloarquitecturaypaisaje.com\/wp-content\/uploads\/2025\/02\/2.-Planta-Conceptual-e1740416682260.png 1650w\" data-sizes=\"(max-width: 1024px) 100vw, 1024px\" src=\"data:image\/svg+xml;base64,PHN2ZyB3aWR0aD0iMSIgaGVpZ2h0PSIxIiB4bWxucz0iaHR0cDovL3d3dy53My5vcmcvMjAwMC9zdmciPjwvc3ZnPg==\" style=\"--smush-placeholder-width: 1024px; --smush-placeholder-aspect-ratio: 1024\/548;\" \/>\t\t\t\t\t\t\t\t\t\t\t\t\t\t\t<\/div>\n\t\t\t\t<\/div>\n\t\t\t\t<\/div>\n\t\t\t\t<\/div>\n\t\t\t\t\t<\/div>\n\t\t\t\t<\/div>\n\t\t<div class=\"elementor-element elementor-element-f5dc2e6 e-flex e-con-boxed e-con e-parent\" data-id=\"f5dc2e6\" data-element_type=\"container\" data-e-type=\"container\">\n\t\t\t\t\t<div class=\"e-con-inner\">\n\t\t<div class=\"elementor-element elementor-element-6476c96 e-con-full e-flex e-con e-child\" data-id=\"6476c96\" data-element_type=\"container\" data-e-type=\"container\">\n\t\t\t\t<div class=\"elementor-element elementor-element-99cee16 elementor-widget elementor-widget-text-editor\" data-id=\"99cee16\" data-element_type=\"widget\" data-e-type=\"widget\" data-widget_type=\"text-editor.default\">\n\t\t\t\t<div class=\"elementor-widget-container\">\n\t\t\t\t\t\t\t\t\t<p><em>Art\u00edculos relacionados<\/em><\/p>\t\t\t\t\t\t\t\t<\/div>\n\t\t\t\t<\/div>\n\t\t\t\t<div class=\"elementor-element elementor-element-931a87d elementor-grid-eael-col-3 elementor-grid-tablet-eael-col-2 elementor-grid-mobile-eael-col-1 elementor-widget elementor-widget-eael-post-grid\" data-id=\"931a87d\" data-element_type=\"widget\" data-e-type=\"widget\" data-settings=\"{&quot;eael_post_grid_columns&quot;:&quot;eael-col-3&quot;,&quot;eael_post_grid_columns_tablet&quot;:&quot;eael-col-2&quot;,&quot;eael_post_grid_columns_mobile&quot;:&quot;eael-col-1&quot;}\" data-widget_type=\"eael-post-grid.default\">\n\t\t\t\t<div class=\"elementor-widget-container\">\n\t\t\t\t\t<div id=\"eael-post-grid-931a87d\" class=\"eael-post-grid-container\">\n            <div class=\"eael-post-grid eael-post-appender eael-post-appender-931a87d eael-post-grid-style-three\" data-layout-mode=\"masonry\"><article class=\"eael-grid-post  eael-post-grid-column eael-pg-post-476\" data-id=\"476\">\n        <div class=\"eael-grid-post-holder\">\n            <div class=\"eael-grid-post-holder-inner\"><div class=\"eael-entry-media\"><div class=\"eael-entry-overlay none\"><i class=\"fas fa-long-arrow-alt-right\" aria-hidden=\"true\"><\/i><a href=\"https:\/\/paraleloarquitecturaypaisaje.com\/en\/arquitectura-entretenimiento-paisaje\/villas-piruli\/\"><\/a><\/div><div class=\"eael-entry-thumbnail \">\n                 <img decoding=\"async\" width=\"1152\" height=\"619\" data-src=\"https:\/\/paraleloarquitecturaypaisaje.com\/wp-content\/uploads\/2025\/02\/TERRAZA.png\" class=\"attachment-ocean-thumb-l size-ocean-thumb-l wp-image-959 lazyload\" alt=\"Villas del Pirul\u00ed Puerto Vallarta\" data-srcset=\"https:\/\/paraleloarquitecturaypaisaje.com\/wp-content\/uploads\/2025\/02\/TERRAZA.png 1152w, https:\/\/paraleloarquitecturaypaisaje.com\/wp-content\/uploads\/2025\/02\/TERRAZA-300x161.png 300w, https:\/\/paraleloarquitecturaypaisaje.com\/wp-content\/uploads\/2025\/02\/TERRAZA-1024x550.png 1024w, https:\/\/paraleloarquitecturaypaisaje.com\/wp-content\/uploads\/2025\/02\/TERRAZA-768x413.png 768w, https:\/\/paraleloarquitecturaypaisaje.com\/wp-content\/uploads\/2025\/02\/TERRAZA-18x10.png 18w\" data-sizes=\"(max-width: 1152px) 100vw, 1152px\" src=\"data:image\/svg+xml;base64,PHN2ZyB3aWR0aD0iMSIgaGVpZ2h0PSIxIiB4bWxucz0iaHR0cDovL3d3dy53My5vcmcvMjAwMC9zdmciPjwvc3ZnPg==\" style=\"--smush-placeholder-width: 1152px; --smush-placeholder-aspect-ratio: 1152\/619;\" \/>\n             <\/div>\n        <\/div><div class=\"eael-entry-wrapper\"><header class=\"eael-entry-header\"><h3 class=\"eael-entry-title\"><a class=\"eael-grid-post-link\" href=\"https:\/\/paraleloarquitecturaypaisaje.com\/en\/arquitectura-entretenimiento-paisaje\/villas-piruli\/\" title=\"Proyecto Villas del Pirul\u00ed\">Proyecto Villas del Pirul\u00ed<\/a><\/h3><\/header><div class=\"eael-entry-content\">\n                        <div class=\"eael-grid-post-excerpt\"><p>Villas del Pirul\u00ed Puerto Vallarta | M\u00e9xico | 2024 Grupo...<\/p><a href=\"https:\/\/paraleloarquitecturaypaisaje.com\/en\/arquitectura-entretenimiento-paisaje\/villas-piruli\/\" class=\"eael-post-elements-readmore-btn\">Leer m\u00e1s<\/a><\/div>\n                    <\/div><\/div><\/div>\n        <\/div>\n    <\/article><article class=\"eael-grid-post  eael-post-grid-column eael-pg-post-2123\" data-id=\"2123\">\n        <div class=\"eael-grid-post-holder\">\n            <div class=\"eael-grid-post-holder-inner\"><div class=\"eael-entry-media\"><div class=\"eael-entry-overlay none\"><i class=\"fas fa-long-arrow-alt-right\" aria-hidden=\"true\"><\/i><a href=\"https:\/\/paraleloarquitecturaypaisaje.com\/en\/arquitectura-miscelanea\/espacio-lectura\/\"><\/a><\/div><div class=\"eael-entry-thumbnail \">\n                 <img decoding=\"async\" width=\"1200\" height=\"700\" data-src=\"https:\/\/paraleloarquitecturaypaisaje.com\/wp-content\/uploads\/2025\/02\/Espacio-de-lectura-1200x700.png\" class=\"attachment-ocean-thumb-l size-ocean-thumb-l wp-image-2108 lazyload\" alt=\"\" data-srcset=\"https:\/\/paraleloarquitecturaypaisaje.com\/wp-content\/uploads\/2025\/02\/Espacio-de-lectura-1200x700.png 1200w, https:\/\/paraleloarquitecturaypaisaje.com\/wp-content\/uploads\/2025\/02\/Espacio-de-lectura-300x176.png 300w, https:\/\/paraleloarquitecturaypaisaje.com\/wp-content\/uploads\/2025\/02\/Espacio-de-lectura-18x12.png 18w\" data-sizes=\"(max-width: 1200px) 100vw, 1200px\" src=\"data:image\/svg+xml;base64,PHN2ZyB3aWR0aD0iMSIgaGVpZ2h0PSIxIiB4bWxucz0iaHR0cDovL3d3dy53My5vcmcvMjAwMC9zdmciPjwvc3ZnPg==\" style=\"--smush-placeholder-width: 1200px; --smush-placeholder-aspect-ratio: 1200\/700;\" \/>\n             <\/div>\n        <\/div><div class=\"eael-entry-wrapper\"><header class=\"eael-entry-header\"><h3 class=\"eael-entry-title\"><a class=\"eael-grid-post-link\" href=\"https:\/\/paraleloarquitecturaypaisaje.com\/en\/arquitectura-miscelanea\/espacio-lectura\/\" title=\"Proyecto Espacio de lectura para ni\u00f1os\">Proyecto Espacio de lectura para ni\u00f1os<\/a><\/h3><\/header><div class=\"eael-entry-content\">\n                        <div class=\"eael-grid-post-excerpt\"><p>Espacio de lectura para ni\u00f1os Venezuela | 2025 Cliente Particular...<\/p><a href=\"https:\/\/paraleloarquitecturaypaisaje.com\/en\/arquitectura-miscelanea\/espacio-lectura\/\" class=\"eael-post-elements-readmore-btn\">Leer m\u00e1s<\/a><\/div>\n                    <\/div><\/div><\/div>\n        <\/div>\n    <\/article><article class=\"eael-grid-post  eael-post-grid-column eael-pg-post-488\" data-id=\"488\">\n        <div class=\"eael-grid-post-holder\">\n            <div class=\"eael-grid-post-holder-inner\"><div class=\"eael-entry-media\"><div class=\"eael-entry-overlay none\"><i class=\"fas fa-long-arrow-alt-right\" aria-hidden=\"true\"><\/i><a href=\"https:\/\/paraleloarquitecturaypaisaje.com\/en\/arquitectura-habitacional-vertical\/residencia-los-arboles\/\"><\/a><\/div><div class=\"eael-entry-thumbnail \">\n                 <img decoding=\"async\" width=\"1200\" height=\"700\" data-src=\"https:\/\/paraleloarquitecturaypaisaje.com\/wp-content\/uploads\/2025\/01\/2.-Residencia-Los-Arboles-1-1200x700.png\" class=\"attachment-ocean-thumb-l size-ocean-thumb-l wp-image-491 lazyload\" alt=\"\" data-srcset=\"https:\/\/paraleloarquitecturaypaisaje.com\/wp-content\/uploads\/2025\/01\/2.-Residencia-Los-Arboles-1-1200x700.png 1200w, https:\/\/paraleloarquitecturaypaisaje.com\/wp-content\/uploads\/2025\/01\/2.-Residencia-Los-Arboles-1-18x12.png 18w\" data-sizes=\"(max-width: 1200px) 100vw, 1200px\" src=\"data:image\/svg+xml;base64,PHN2ZyB3aWR0aD0iMSIgaGVpZ2h0PSIxIiB4bWxucz0iaHR0cDovL3d3dy53My5vcmcvMjAwMC9zdmciPjwvc3ZnPg==\" style=\"--smush-placeholder-width: 1200px; --smush-placeholder-aspect-ratio: 1200\/700;\" \/>\n             <\/div>\n        <\/div><div class=\"eael-entry-wrapper\"><header class=\"eael-entry-header\"><h3 class=\"eael-entry-title\"><a class=\"eael-grid-post-link\" href=\"https:\/\/paraleloarquitecturaypaisaje.com\/en\/arquitectura-habitacional-vertical\/residencia-los-arboles\/\" title=\"Proyecto Residencia Los \u00c1rboles\">Proyecto Residencia Los \u00c1rboles<\/a><\/h3><\/header><div class=\"eael-entry-content\">\n                        <div class=\"eael-grid-post-excerpt\"><p>Residencia Los \u00c1rboles Puerto Vallarta | M\u00e9xico | 2018 En...<\/p><a href=\"https:\/\/paraleloarquitecturaypaisaje.com\/en\/arquitectura-habitacional-vertical\/residencia-los-arboles\/\" class=\"eael-post-elements-readmore-btn\">Leer m\u00e1s<\/a><\/div>\n                    <\/div><\/div><\/div>\n        <\/div>\n    <\/article><\/div>\n            <div class=\"clearfix\"><\/div>\n        <\/div>            <div class=\"eael-load-more-button-wrap eael-force-hide\">\n                <button class=\"eael-load-more-button\" id=\"eael-load-more-btn-931a87d\" data-widget-id=\"931a87d\" data-widget=\"931a87d\" data-page-id=\"1065\" data-template=\"{&quot;dir&quot;:&quot;lite&quot;,&quot;file_name&quot;:&quot;three.php&quot;,&quot;name&quot;:&quot;Post-Grid&quot;}\" data-class=\"Essential_Addons_Elementor\\Elements\\Post_Grid\" data-layout=\"masonry\" data-page=\"1\" data-args=\"orderby=rand&amp;order=desc&amp;ignore_sticky_posts=1&amp;post_status=publish&amp;posts_per_page=3&amp;offset=0&amp;post_type=page&amp;post__not_in%5B0%5D=66&amp;post__not_in%5B1%5D=98&amp;post__not_in%5B2%5D=7&amp;post__not_in%5B3%5D=803&amp;post__not_in%5B4%5D=818&amp;post__not_in%5B5%5D=867&amp;post__not_in%5B6%5D=827&amp;post__not_in%5B7%5D=58&amp;post__not_in%5B8%5D=75&amp;post__not_in%5B9%5D=2230&amp;post__not_in%5B10%5D=2337&amp;post__not_in%5B11%5D=2268&amp;post__not_in%5B12%5D=2342&amp;post__not_in%5B13%5D=2353&amp;post__not_in%5B14%5D=2358&amp;post__not_in%5B15%5D=2363&amp;post__not_in%5B16%5D=2368&amp;post__not_in%5B17%5D=2376&amp;post__not_in%5B18%5D=2396&amp;post__not_in%5B19%5D=2401&amp;post__not_in%5B20%5D=2416&amp;post__not_in%5B21%5D=2424&amp;post__not_in%5B22%5D=2257\" data-max-page=\"13\">\n                    <span class=\"eael-btn-loader button__loader\"><\/span>\n                    <span class=\"eael_load_more_text\">Cargar m\u00e1s<\/span>\n                <\/button>\n            <\/div>\n            \t\t\t\t<\/div>\n\t\t\t\t<\/div>\n\t\t\t\t<div class=\"elementor-element elementor-element-5479883 elementor-align-left elementor-mobile-align-center elementor-widget elementor-widget-button\" data-id=\"5479883\" data-element_type=\"widget\" data-e-type=\"widget\" data-widget_type=\"button.default\">\n\t\t\t\t<div class=\"elementor-widget-container\">\n\t\t\t\t\t\t\t\t\t<div class=\"elementor-button-wrapper\">\n\t\t\t\t\t<a class=\"elementor-button elementor-button-link elementor-size-sm\" href=\"https:\/\/paraleloarquitecturaypaisaje.com\/portafolio\/\">\n\t\t\t\t\t\t<span class=\"elementor-button-content-wrapper\">\n\t\t\t\t\t\t\t\t\t<span class=\"elementor-button-text\">Ver todos los proyectos<\/span>\n\t\t\t\t\t<\/span>\n\t\t\t\t\t<\/a>\n\t\t\t\t<\/div>\n\t\t\t\t\t\t\t\t<\/div>\n\t\t\t\t<\/div>\n\t\t\t\t<\/div>\n\t\t\t\t\t<\/div>\n\t\t\t\t<\/div>\n\t\t<div class=\"elementor-element elementor-element-3769179 e-flex e-con-boxed e-con e-parent\" data-id=\"3769179\" data-element_type=\"container\" data-e-type=\"container\">\n\t\t\t\t\t<div class=\"e-con-inner\">\n\t\t\t\t<div class=\"elementor-element elementor-element-6245be1 elementor-widget elementor-widget-text-editor\" data-id=\"6245be1\" data-element_type=\"widget\" data-e-type=\"widget\" data-widget_type=\"text-editor.default\">\n\t\t\t\t<div class=\"elementor-widget-container\">\n\t\t\t\t\t\t\t\t\t<p>Comun\u00edcate con nosotros<\/p>\t\t\t\t\t\t\t\t<\/div>\n\t\t\t\t<\/div>\n\t\t\t\t\t<\/div>\n\t\t\t\t<\/div>\n\t\t<div class=\"elementor-element elementor-element-f2bce67 e-con-full e-flex e-con e-parent\" data-id=\"f2bce67\" data-element_type=\"container\" data-e-type=\"container\">\n\t\t\t\t<div class=\"elementor-element elementor-element-a2c51d6 elementor-widget__width-initial fluentform-widget-submit-button-custom elementor-widget elementor-widget-fluent-form-widget\" data-id=\"a2c51d6\" data-element_type=\"widget\" data-e-type=\"widget\" data-widget_type=\"fluent-form-widget.default\">\n\t\t\t\t<div class=\"elementor-widget-container\">\n\t\t\t\t\t\n            <div class=\"fluentform-widget-wrapper fluentform-widget-align-default\">\n\n            \n            <div class='fluentform ff-default fluentform_wrapper_1 ffs_default_wrap'><form data-form_id=\"1\" id=\"fluentform_1\" class=\"frm-fluent-form fluent_form_1 ff-el-form-top ff_form_instance_1_1 ff-form-loading ff_has_v3_recptcha ffs_default\" data-form_instance=\"ff_form_instance_1_1\" method=\"POST\" data-recptcha_key=\"6LdhPPcqAAAAAOmsbYw3WlkSfiAAAyodi7H2cwq2\" ><fieldset  style=\"border: none!important;margin: 0!important;padding: 0!important;background-color: transparent!important;box-shadow: none!important;outline: none!important; min-inline-size: 100%;\">\n                    <legend class=\"ff_screen_reader_title\" style=\"display: block; margin: 0!important;padding: 0!important;height: 0!important;text-indent: -999999px;width: 0!important;overflow:hidden;\">Contact Form<\/legend><input type='hidden' name='__fluent_form_embded_post_id' value='488' \/><input type=\"hidden\" id=\"_fluentform_1_fluentformnonce\" name=\"_fluentform_1_fluentformnonce\" value=\"01d3090bf3\" \/><input type=\"hidden\" name=\"_wp_http_referer\" value=\"\/en\/wp-json\/wp\/v2\/pages\/1065\" \/><div data-type=\"name-element\" data-name=\"names\" class=\" ff-field_container ff-name-field-wrapper\" ><div class='ff-t-container'><div class='ff-t-cell '><div class='ff-el-group'><div class=\"ff-el-input--label ff-el-is-required asterisk-right\"><label for='ff_1_names_first_name_' id='label_ff_1_names_first_name_' >Nombre<\/label><\/div><div class='ff-el-input--content'><input type=\"text\" name=\"names[first_name]\" id=\"ff_1_names_first_name_\" class=\"ff-el-form-control\" placeholder=\"Tu nombre aqu\u00ed\" aria-invalid=\"false\" aria-required=true><\/div><\/div><\/div><\/div><\/div><div class='ff-el-group'><div class=\"ff-el-input--label ff-el-is-required asterisk-right\"><label for='ff_1_email' id='label_ff_1_email' aria-label=\"Email\">Email<\/label><\/div><div class='ff-el-input--content'><input type=\"email\" name=\"email\" id=\"ff_1_email\" class=\"ff-el-form-control\" placeholder=\"Tu email aqu\u00ed\" data-name=\"email\"  aria-invalid=\"false\" aria-required=true><\/div><\/div><div class='ff-el-group'><div class=\"ff-el-input--label asterisk-right\"><label for='ff_1_numeric_field' id='label_ff_1_numeric_field' aria-label=\"N\u00famero de contacto\">N\u00famero de contacto<\/label><\/div><div class='ff-el-input--content'><input type=\"number\" name=\"numeric_field\" id=\"ff_1_numeric_field\" class=\"ff-el-form-control\" placeholder=\"Tu n\u00famero aqu\u00ed\" data-name=\"numeric_field\" inputmode=\"numeric\" step=\"any\"  aria-invalid=\"false\" aria-required=false><\/div><\/div><div class='ff-el-group'><div class=\"ff-el-input--label ff-el-is-required asterisk-right\"><label for='ff_1_message' id='label_ff_1_message' aria-label=\"Cu\u00e9ntanos detalles\">Cu\u00e9ntanos detalles<\/label><\/div><div class='ff-el-input--content'><textarea aria-required=\"true\" aria-labelledby=\"label_ff_1_message\" name=\"message\" id=\"ff_1_message\" class=\"ff-el-form-control\" placeholder=\"Tus detalles aqu\u00ed\" rows=\"4\" cols=\"2\" data-name=\"message\" ><\/textarea><\/div><\/div><div class='ff-el-group ff-text-center ff_submit_btn_wrapper'><button type=\"submit\" class=\"ff-btn ff-btn-submit ff-btn-lg ff_btn_style wpf_has_custom_css\"  aria-label=\"Enviar\">Enviar<\/button><\/div><\/fieldset><\/form><div id='fluentform_1_errors' class='ff-errors-in-stack ff_form_instance_1_1 ff-form-loading_errors ff_form_instance_1_1_errors'><\/div><\/div>            <script type=\"text\/javascript\">\n                window.fluent_form_ff_form_instance_1_1 = {\"id\":\"1\",\"settings\":{\"layout\":{\"labelPlacement\":\"top\",\"helpMessagePlacement\":\"with_label\",\"errorMessagePlacement\":\"inline\",\"cssClassName\":\"\",\"asteriskPlacement\":\"asterisk-right\"},\"restrictions\":{\"denyEmptySubmission\":{\"enabled\":false}}},\"form_instance\":\"ff_form_instance_1_1\",\"form_id_selector\":\"fluentform_1\",\"rules\":{\"names[first_name]\":{\"required\":{\"value\":true,\"message\":\"Este campo es obligatorio\",\"global\":false,\"global_message\":\"This field is required\"}},\"names[middle_name]\":{\"required\":{\"value\":false,\"message\":\"This field is required\",\"global\":false,\"global_message\":\"This field is required\"}},\"names[last_name]\":{\"required\":{\"value\":false,\"message\":\"This field is required\",\"global\":false,\"global_message\":\"This field is required\"}},\"email\":{\"required\":{\"value\":true,\"message\":\"Este campo es obligatorio\",\"global\":false,\"global_message\":\"This field is required\"},\"email\":{\"value\":true,\"message\":\"Este campo debe contener un email v\\u00e1lido\",\"global\":false,\"global_message\":\"This field must contain a valid email\"}},\"numeric_field\":{\"required\":{\"value\":false,\"message\":\"This field is required\",\"global_message\":\"This field is required\",\"global\":true},\"numeric\":{\"value\":true,\"message\":\"This field must contain numeric value\",\"global_message\":\"This field must contain numeric value\",\"global\":true},\"min\":{\"value\":\"\",\"message\":\"Validation fails for minimum value\",\"global_message\":\"Validation fails for minimum value\",\"global\":true},\"max\":{\"value\":\"\",\"message\":\"Validation fails for maximum value\",\"global_message\":\"Validation fails for maximum value\",\"global\":true},\"digits\":{\"value\":\"\",\"message\":\"Validation fails for limited digits\",\"global_message\":\"Validation fails for limited digits\",\"global\":true}},\"message\":{\"required\":{\"value\":true,\"message\":\"Este campo es obligatorio\",\"global\":false,\"global_message\":\"This field is required\"}},\"g-recaptcha-response\":[]},\"debounce_time\":300};\n                            <\/script>\n                        <\/div>\n\n            \t\t\t\t<\/div>\n\t\t\t\t<\/div>\n\t\t\t\t<\/div>\n\t\t\t\t<\/div>\n\t\t","protected":false},"excerpt":{"rendered":"<p>Monarca Puerto Vallarta | M\u00e9xico | 2024 Cliente: StaleDesarrollo habitacional y comercialSuperficie: 5.58 HasUnidades: 555 Art\u00edculos relacionados Proyecto Edificio Independencia Edificio Independencia Puerto Vallarta | M\u00e9xico | 2024 Cliente Particular&#8230; Leer m\u00e1s Proyecto Villas del Pirul\u00ed Villas del Pirul\u00ed Puerto Vallarta | M\u00e9xico | 2024 Grupo&#8230; Leer m\u00e1s Monarca Monarca Puerto Vallarta | M\u00e9xico | [&hellip;]<\/p>\n","protected":false},"author":1,"featured_media":1067,"parent":827,"menu_order":0,"comment_status":"closed","ping_status":"closed","template":"elementor_header_footer","meta":{"footnotes":""},"class_list":["post-1065","page","type-page","status-publish","has-post-thumbnail","hentry","entry","has-media"],"_links":{"self":[{"href":"https:\/\/paraleloarquitecturaypaisaje.com\/en\/wp-json\/wp\/v2\/pages\/1065","targetHints":{"allow":["GET"]}}],"collection":[{"href":"https:\/\/paraleloarquitecturaypaisaje.com\/en\/wp-json\/wp\/v2\/pages"}],"about":[{"href":"https:\/\/paraleloarquitecturaypaisaje.com\/en\/wp-json\/wp\/v2\/types\/page"}],"author":[{"embeddable":true,"href":"https:\/\/paraleloarquitecturaypaisaje.com\/en\/wp-json\/wp\/v2\/users\/1"}],"replies":[{"embeddable":true,"href":"https:\/\/paraleloarquitecturaypaisaje.com\/en\/wp-json\/wp\/v2\/comments?post=1065"}],"version-history":[{"count":49,"href":"https:\/\/paraleloarquitecturaypaisaje.com\/en\/wp-json\/wp\/v2\/pages\/1065\/revisions"}],"predecessor-version":[{"id":2571,"href":"https:\/\/paraleloarquitecturaypaisaje.com\/en\/wp-json\/wp\/v2\/pages\/1065\/revisions\/2571"}],"up":[{"embeddable":true,"href":"https:\/\/paraleloarquitecturaypaisaje.com\/en\/wp-json\/wp\/v2\/pages\/827"}],"wp:featuredmedia":[{"embeddable":true,"href":"https:\/\/paraleloarquitecturaypaisaje.com\/en\/wp-json\/wp\/v2\/media\/1067"}],"wp:attachment":[{"href":"https:\/\/paraleloarquitecturaypaisaje.com\/en\/wp-json\/wp\/v2\/media?parent=1065"}],"curies":[{"name":"wp","href":"https:\/\/api.w.org\/{rel}","templated":true}]}}