{"id":66,"date":"2025-01-06T22:36:54","date_gmt":"2025-01-07T04:36:54","guid":{"rendered":"https:\/\/paraleloarquitecturaypaisaje.com\/nosotros-copy\/"},"modified":"2025-02-26T13:01:42","modified_gmt":"2025-02-26T19:01:42","slug":"servicios","status":"publish","type":"page","link":"https:\/\/paraleloarquitecturaypaisaje.com\/en\/servicios\/","title":{"rendered":"Services"},"content":{"rendered":"\t\t<div data-elementor-type=\"wp-page\" data-elementor-id=\"66\" class=\"elementor elementor-66\">\n\t\t\t\t<div class=\"elementor-element elementor-element-a73c974 e-flex e-con-boxed e-con e-parent\" data-id=\"a73c974\" data-element_type=\"container\" data-e-type=\"container\" data-settings=\"{&quot;background_background&quot;:&quot;classic&quot;}\">\n\t\t\t\t\t<div class=\"e-con-inner\">\n\t\t<div class=\"elementor-element elementor-element-8dc3212 e-con-full e-flex e-con e-child\" data-id=\"8dc3212\" data-element_type=\"container\" data-e-type=\"container\" id=\"diseno\">\n\t\t\t\t<div class=\"elementor-element elementor-element-15e80fc elementor-widget elementor-widget-heading\" data-id=\"15e80fc\" data-element_type=\"widget\" data-e-type=\"widget\" data-widget_type=\"heading.default\">\n\t\t\t\t<div class=\"elementor-widget-container\">\n\t\t\t\t\t<h2 class=\"elementor-heading-title elementor-size-default\">Dise\u00f1o<\/h2>\t\t\t\t<\/div>\n\t\t\t\t<\/div>\n\t\t\t\t<div class=\"elementor-element elementor-element-a570358 elementor-widget elementor-widget-text-editor\" data-id=\"a570358\" data-element_type=\"widget\" data-e-type=\"widget\" data-widget_type=\"text-editor.default\">\n\t\t\t\t<div class=\"elementor-widget-container\">\n\t\t\t\t\t\t\t\t\t<p>Proceso estructurado y creativo que abarca varias etapas para la creaci\u00f3n de un espacio o edificio que sea funcional, est\u00e9ticamente atractivo y adecuado al contexto. Implica la interpretaci\u00f3n de las necesidades del cliente, el an\u00e1lisis del contexto y la definici\u00f3n de una visi\u00f3n creativa y t\u00e9cnica.<\/p><p><u>Especialidades<\/u><\/p><p>Dise\u00f1o urbano<br \/>Arquitectura de vivienda horizontal y vertical<br \/>Arquitectura de edificaciones comerciales<br \/>Arquitectura de entretenimiento y de paisaje<br \/>Arquitectura de edificaciones de accesos<br \/>Arquitectura de desarrollos inmobiliarios<\/p>\t\t\t\t\t\t\t\t<\/div>\n\t\t\t\t<\/div>\n\t\t\t\t<\/div>\n\t\t<div class=\"elementor-element elementor-element-6430db9 e-con-full e-flex e-con e-child\" data-id=\"6430db9\" data-element_type=\"container\" data-e-type=\"container\">\n\t\t\t\t<div class=\"elementor-element elementor-element-73b7d1a elementor-widget elementor-widget-heading\" data-id=\"73b7d1a\" data-element_type=\"widget\" data-e-type=\"widget\" id=\"representacion\" data-widget_type=\"heading.default\">\n\t\t\t\t<div class=\"elementor-widget-container\">\n\t\t\t\t\t<h2 class=\"elementor-heading-title elementor-size-default\">Representaci\u00f3n<\/h2>\t\t\t\t<\/div>\n\t\t\t\t<\/div>\n\t\t\t\t<div class=\"elementor-element elementor-element-1a4ed0d elementor-widget elementor-widget-text-editor\" data-id=\"1a4ed0d\" data-element_type=\"widget\" data-e-type=\"widget\" data-widget_type=\"text-editor.default\">\n\t\t\t\t<div class=\"elementor-widget-container\">\n\t\t\t\t\t\t\t\t\tConjunto de t\u00e9cnicas y medios utilizados para comunicar y visualizar ideas, conceptos y proyectos arquitect\u00f3nicos. Su objetivo es plasmar el dise\u00f1o arquitect\u00f3nico de manera comprensible y detallada, tanto para los profesionales involucrados en el proceso como para los clientes, autoridades y p\u00fablico en general.<br><br>\n\n<u>Especialidades<\/u><br><br>\n\nIm\u00e1genes fotorrealistas<br>\nPrototipos (modelos) a escala<br>\nProyecto ejecutivo en formatos DWG \/ Revit<br>\nPresentaci\u00f3n de proyectos para promoci\u00f3n ante inversionistas<br>\nMaterial promocional de ventas\t\t\t\t\t\t\t\t<\/div>\n\t\t\t\t<\/div>\n\t\t\t\t<\/div>\n\t\t\t\t\t<\/div>\n\t\t\t\t<\/div>\n\t\t<div class=\"elementor-element elementor-element-dfbeaea e-flex e-con-boxed e-con e-parent\" data-id=\"dfbeaea\" data-element_type=\"container\" data-e-type=\"container\">\n\t\t\t\t\t<div class=\"e-con-inner\">\n\t\t\t\t<div class=\"elementor-element elementor-element-95620bc elementor-widget elementor-widget-text-editor\" data-id=\"95620bc\" data-element_type=\"widget\" data-e-type=\"widget\" data-widget_type=\"text-editor.default\">\n\t\t\t\t<div class=\"elementor-widget-container\">\n\t\t\t\t\t\t\t\t\t<p>Cada etapa de elaboraci\u00f3n de nuestros productos y servicios pasa por fases de revisi\u00f3n para garantizar el cumplimiento de est\u00e1ndares de calidad y aceptaci\u00f3n del cliente<\/p>\t\t\t\t\t\t\t\t<\/div>\n\t\t\t\t<\/div>\n\t\t\t\t\t<\/div>\n\t\t\t\t<\/div>\n\t\t<div class=\"elementor-element elementor-element-3769179 e-flex e-con-boxed e-con e-parent\" data-id=\"3769179\" data-element_type=\"container\" data-e-type=\"container\">\n\t\t\t\t\t<div class=\"e-con-inner\">\n\t\t\t\t<div class=\"elementor-element elementor-element-6245be1 elementor-widget elementor-widget-text-editor\" data-id=\"6245be1\" data-element_type=\"widget\" data-e-type=\"widget\" data-widget_type=\"text-editor.default\">\n\t\t\t\t<div class=\"elementor-widget-container\">\n\t\t\t\t\t\t\t\t\t<p>Comun\u00edcate con nosotros<\/p>\t\t\t\t\t\t\t\t<\/div>\n\t\t\t\t<\/div>\n\t\t\t\t\t<\/div>\n\t\t\t\t<\/div>\n\t\t<div class=\"elementor-element elementor-element-f2bce67 e-con-full e-flex e-con e-parent\" data-id=\"f2bce67\" data-element_type=\"container\" data-e-type=\"container\">\n\t\t\t\t<div class=\"elementor-element elementor-element-e2cf902 elementor-widget__width-initial fluentform-widget-submit-button-custom elementor-widget elementor-widget-fluent-form-widget\" data-id=\"e2cf902\" data-element_type=\"widget\" data-e-type=\"widget\" data-widget_type=\"fluent-form-widget.default\">\n\t\t\t\t<div class=\"elementor-widget-container\">\n\t\t\t\t\t\n            <div class=\"fluentform-widget-wrapper fluentform-widget-align-default\">\n\n            \n            <div class='fluentform ff-default fluentform_wrapper_1 ffs_default_wrap'><form data-form_id=\"1\" id=\"fluentform_1\" class=\"frm-fluent-form fluent_form_1 ff-el-form-top ff_form_instance_1_1 ff-form-loading ff_has_v3_recptcha ffs_default\" data-form_instance=\"ff_form_instance_1_1\" method=\"POST\" data-recptcha_key=\"6LdhPPcqAAAAAOmsbYw3WlkSfiAAAyodi7H2cwq2\" ><fieldset  style=\"border: none!important;margin: 0!important;padding: 0!important;background-color: transparent!important;box-shadow: none!important;outline: none!important; min-inline-size: 100%;\">\n                    <legend class=\"ff_screen_reader_title\" style=\"display: block; margin: 0!important;padding: 0!important;height: 0!important;text-indent: -999999px;width: 0!important;overflow:hidden;\">Contact Form<\/legend><input type='hidden' name='__fluent_form_embded_post_id' value='66' \/><input type=\"hidden\" id=\"_fluentform_1_fluentformnonce\" name=\"_fluentform_1_fluentformnonce\" value=\"01d3090bf3\" \/><input type=\"hidden\" name=\"_wp_http_referer\" value=\"\/en\/wp-json\/wp\/v2\/pages\/66\" \/><div data-type=\"name-element\" data-name=\"names\" class=\" ff-field_container ff-name-field-wrapper\" ><div class='ff-t-container'><div class='ff-t-cell '><div class='ff-el-group'><div class=\"ff-el-input--label ff-el-is-required asterisk-right\"><label for='ff_1_names_first_name_' id='label_ff_1_names_first_name_' >Nombre<\/label><\/div><div class='ff-el-input--content'><input type=\"text\" name=\"names[first_name]\" id=\"ff_1_names_first_name_\" class=\"ff-el-form-control\" placeholder=\"Tu nombre aqu\u00ed\" aria-invalid=\"false\" aria-required=true><\/div><\/div><\/div><\/div><\/div><div class='ff-el-group'><div class=\"ff-el-input--label ff-el-is-required asterisk-right\"><label for='ff_1_email' id='label_ff_1_email' aria-label=\"Email\">Email<\/label><\/div><div class='ff-el-input--content'><input type=\"email\" name=\"email\" id=\"ff_1_email\" class=\"ff-el-form-control\" placeholder=\"Tu email aqu\u00ed\" data-name=\"email\"  aria-invalid=\"false\" aria-required=true><\/div><\/div><div class='ff-el-group'><div class=\"ff-el-input--label asterisk-right\"><label for='ff_1_numeric_field' id='label_ff_1_numeric_field' aria-label=\"N\u00famero de contacto\">N\u00famero de contacto<\/label><\/div><div class='ff-el-input--content'><input type=\"number\" name=\"numeric_field\" id=\"ff_1_numeric_field\" class=\"ff-el-form-control\" placeholder=\"Tu n\u00famero aqu\u00ed\" data-name=\"numeric_field\" inputmode=\"numeric\" step=\"any\"  aria-invalid=\"false\" aria-required=false><\/div><\/div><div class='ff-el-group'><div class=\"ff-el-input--label ff-el-is-required asterisk-right\"><label for='ff_1_message' id='label_ff_1_message' aria-label=\"Cu\u00e9ntanos detalles\">Cu\u00e9ntanos detalles<\/label><\/div><div class='ff-el-input--content'><textarea aria-required=\"true\" aria-labelledby=\"label_ff_1_message\" name=\"message\" id=\"ff_1_message\" class=\"ff-el-form-control\" placeholder=\"Tus detalles aqu\u00ed\" rows=\"4\" cols=\"2\" data-name=\"message\" ><\/textarea><\/div><\/div><div class='ff-el-group ff-text-center ff_submit_btn_wrapper'><button type=\"submit\" class=\"ff-btn ff-btn-submit ff-btn-lg ff_btn_style wpf_has_custom_css\"  aria-label=\"Enviar\">Enviar<\/button><\/div><\/fieldset><\/form><div id='fluentform_1_errors' class='ff-errors-in-stack ff_form_instance_1_1 ff-form-loading_errors ff_form_instance_1_1_errors'><\/div><\/div>            <script type=\"text\/javascript\">\n                window.fluent_form_ff_form_instance_1_1 = {\"id\":\"1\",\"settings\":{\"layout\":{\"labelPlacement\":\"top\",\"helpMessagePlacement\":\"with_label\",\"errorMessagePlacement\":\"inline\",\"cssClassName\":\"\",\"asteriskPlacement\":\"asterisk-right\"},\"restrictions\":{\"denyEmptySubmission\":{\"enabled\":false}}},\"form_instance\":\"ff_form_instance_1_1\",\"form_id_selector\":\"fluentform_1\",\"rules\":{\"names[first_name]\":{\"required\":{\"value\":true,\"message\":\"Este campo es obligatorio\",\"global\":false,\"global_message\":\"This field is required\"}},\"names[middle_name]\":{\"required\":{\"value\":false,\"message\":\"This field is required\",\"global\":false,\"global_message\":\"This field is required\"}},\"names[last_name]\":{\"required\":{\"value\":false,\"message\":\"This field is required\",\"global\":false,\"global_message\":\"This field is required\"}},\"email\":{\"required\":{\"value\":true,\"message\":\"Este campo es obligatorio\",\"global\":false,\"global_message\":\"This field is required\"},\"email\":{\"value\":true,\"message\":\"Este campo debe contener un email v\\u00e1lido\",\"global\":false,\"global_message\":\"This field must contain a valid email\"}},\"numeric_field\":{\"required\":{\"value\":false,\"message\":\"This field is required\",\"global_message\":\"This field is required\",\"global\":true},\"numeric\":{\"value\":true,\"message\":\"This field must contain numeric value\",\"global_message\":\"This field must contain numeric value\",\"global\":true},\"min\":{\"value\":\"\",\"message\":\"Validation fails for minimum value\",\"global_message\":\"Validation fails for minimum value\",\"global\":true},\"max\":{\"value\":\"\",\"message\":\"Validation fails for maximum value\",\"global_message\":\"Validation fails for maximum value\",\"global\":true},\"digits\":{\"value\":\"\",\"message\":\"Validation fails for limited digits\",\"global_message\":\"Validation fails for limited digits\",\"global\":true}},\"message\":{\"required\":{\"value\":true,\"message\":\"Este campo es obligatorio\",\"global\":false,\"global_message\":\"This field is required\"}},\"g-recaptcha-response\":[]},\"debounce_time\":300};\n                            <\/script>\n                        <\/div>\n\n            \t\t\t\t<\/div>\n\t\t\t\t<\/div>\n\t\t<div class=\"elementor-element elementor-element-b0809b8 e-grid e-con-full e-con e-child\" data-id=\"b0809b8\" data-element_type=\"container\" data-e-type=\"container\">\n\t\t\t\t<div class=\"elementor-element elementor-element-65964d6 elementor-widget elementor-widget-image\" data-id=\"65964d6\" data-element_type=\"widget\" data-e-type=\"widget\" data-widget_type=\"image.default\">\n\t\t\t\t<div class=\"elementor-widget-container\">\n\t\t\t\t\t\t\t\t\t\t\t\t\t\t\t\t<a href=\"https:\/\/www.linkedin.com\/in\/gabriela-ignacia-alvarado-06186a1b2\/\" target=\"_blank\" rel=\"nofollow noopener\">\n\t\t\t\t\t\t\t<img decoding=\"async\" width=\"204\" height=\"192\" data-src=\"https:\/\/paraleloarquitecturaypaisaje.com\/wp-content\/uploads\/2025\/01\/linnkedin.png\" class=\"attachment-large size-large wp-image-117 lazyload\" alt=\"\" src=\"data:image\/svg+xml;base64,PHN2ZyB3aWR0aD0iMSIgaGVpZ2h0PSIxIiB4bWxucz0iaHR0cDovL3d3dy53My5vcmcvMjAwMC9zdmciPjwvc3ZnPg==\" style=\"--smush-placeholder-width: 204px; --smush-placeholder-aspect-ratio: 204\/192;\" \/>\t\t\t\t\t\t\t\t<\/a>\n\t\t\t\t\t\t\t\t\t\t\t\t\t\t\t<\/div>\n\t\t\t\t<\/div>\n\t\t\t\t<div class=\"elementor-element elementor-element-ecb5507 elementor-widget elementor-widget-image\" data-id=\"ecb5507\" data-element_type=\"widget\" data-e-type=\"widget\" data-widget_type=\"image.default\">\n\t\t\t\t<div class=\"elementor-widget-container\">\n\t\t\t\t\t\t\t\t\t\t\t\t\t\t\t\t<a href=\"https:\/\/www.instagram.com\/arquitectos_paralelo\/\" target=\"_blank\" rel=\"nofollow noopener\">\n\t\t\t\t\t\t\t<img fetchpriority=\"high\" decoding=\"async\" width=\"248\" height=\"203\" src=\"https:\/\/paraleloarquitecturaypaisaje.com\/wp-content\/uploads\/2025\/01\/ig.png\" class=\"attachment-large size-large wp-image-116\" alt=\"\" \/>\t\t\t\t\t\t\t\t<\/a>\n\t\t\t\t\t\t\t\t\t\t\t\t\t\t\t<\/div>\n\t\t\t\t<\/div>\n\t\t\t\t<div class=\"elementor-element elementor-element-13a8113 elementor-widget elementor-widget-image\" data-id=\"13a8113\" data-element_type=\"widget\" data-e-type=\"widget\" data-widget_type=\"image.default\">\n\t\t\t\t<div class=\"elementor-widget-container\">\n\t\t\t\t\t\t\t\t\t\t\t\t\t\t\t\t<a href=\"https:\/\/api.whatsapp.com\/send\/?phone=523221589073\" target=\"_blank\" rel=\"nofollow noopener\">\n\t\t\t\t\t\t\t<img decoding=\"async\" width=\"225\" height=\"225\" data-src=\"https:\/\/paraleloarquitecturaypaisaje.com\/wp-content\/uploads\/2025\/01\/wa.png\" class=\"attachment-large size-large wp-image-118 lazyload\" alt=\"\" data-srcset=\"https:\/\/paraleloarquitecturaypaisaje.com\/wp-content\/uploads\/2025\/01\/wa.png 225w, https:\/\/paraleloarquitecturaypaisaje.com\/wp-content\/uploads\/2025\/01\/wa-150x150.png 150w\" data-sizes=\"(max-width: 225px) 100vw, 225px\" src=\"data:image\/svg+xml;base64,PHN2ZyB3aWR0aD0iMSIgaGVpZ2h0PSIxIiB4bWxucz0iaHR0cDovL3d3dy53My5vcmcvMjAwMC9zdmciPjwvc3ZnPg==\" style=\"--smush-placeholder-width: 225px; --smush-placeholder-aspect-ratio: 225\/225;\" \/>\t\t\t\t\t\t\t\t<\/a>\n\t\t\t\t\t\t\t\t\t\t\t\t\t\t\t<\/div>\n\t\t\t\t<\/div>\n\t\t\t\t<\/div>\n\t\t\t\t<\/div>\n\t\t\t\t<\/div>\n\t\t","protected":false},"excerpt":{"rendered":"<p>Dise\u00f1o Proceso estructurado y creativo que abarca varias etapas para la creaci\u00f3n de un espacio o edificio que sea funcional, est\u00e9ticamente atractivo y adecuado al contexto. Implica la interpretaci\u00f3n de las necesidades del cliente, el an\u00e1lisis del contexto y la definici\u00f3n de una visi\u00f3n creativa y t\u00e9cnica. Especialidades Dise\u00f1o urbanoArquitectura de vivienda horizontal y verticalArquitectura [&hellip;]<\/p>\n","protected":false},"author":1,"featured_media":0,"parent":0,"menu_order":0,"comment_status":"closed","ping_status":"closed","template":"elementor_header_footer","meta":{"footnotes":""},"class_list":["post-66","page","type-page","status-publish","hentry","entry"],"_links":{"self":[{"href":"https:\/\/paraleloarquitecturaypaisaje.com\/en\/wp-json\/wp\/v2\/pages\/66","targetHints":{"allow":["GET"]}}],"collection":[{"href":"https:\/\/paraleloarquitecturaypaisaje.com\/en\/wp-json\/wp\/v2\/pages"}],"about":[{"href":"https:\/\/paraleloarquitecturaypaisaje.com\/en\/wp-json\/wp\/v2\/types\/page"}],"author":[{"embeddable":true,"href":"https:\/\/paraleloarquitecturaypaisaje.com\/en\/wp-json\/wp\/v2\/users\/1"}],"replies":[{"embeddable":true,"href":"https:\/\/paraleloarquitecturaypaisaje.com\/en\/wp-json\/wp\/v2\/comments?post=66"}],"version-history":[{"count":58,"href":"https:\/\/paraleloarquitecturaypaisaje.com\/en\/wp-json\/wp\/v2\/pages\/66\/revisions"}],"predecessor-version":[{"id":2093,"href":"https:\/\/paraleloarquitecturaypaisaje.com\/en\/wp-json\/wp\/v2\/pages\/66\/revisions\/2093"}],"wp:attachment":[{"href":"https:\/\/paraleloarquitecturaypaisaje.com\/en\/wp-json\/wp\/v2\/media?parent=66"}],"curies":[{"name":"wp","href":"https:\/\/api.w.org\/{rel}","templated":true}]}}