{"id":818,"date":"2025-01-17T12:48:30","date_gmt":"2025-01-17T18:48:30","guid":{"rendered":"https:\/\/paraleloarquitecturaypaisaje.com\/portafolio-copy\/"},"modified":"2025-02-26T12:39:21","modified_gmt":"2025-02-26T18:39:21","slug":"arquitectura-habitacional-vertical","status":"publish","type":"page","link":"https:\/\/paraleloarquitecturaypaisaje.com\/en\/arquitectura-habitacional-vertical\/","title":{"rendered":"Vertical residential architecture"},"content":{"rendered":"\t\t<div data-elementor-type=\"wp-page\" data-elementor-id=\"818\" class=\"elementor elementor-818\">\n\t\t\t\t<div class=\"elementor-element elementor-element-5adab9b e-flex e-con-boxed e-con e-parent\" data-id=\"5adab9b\" data-element_type=\"container\" data-e-type=\"container\">\n\t\t\t\t\t<div class=\"e-con-inner\">\n\t\t\t\t<div class=\"elementor-element elementor-element-e4d4102 elementor-widget elementor-widget-heading\" data-id=\"e4d4102\" data-element_type=\"widget\" data-e-type=\"widget\" id=\"vertical\" data-widget_type=\"heading.default\">\n\t\t\t\t<div class=\"elementor-widget-container\">\n\t\t\t\t\t<h2 class=\"elementor-heading-title elementor-size-default\">Arquitectura habitacional vertical<\/h2>\t\t\t\t<\/div>\n\t\t\t\t<\/div>\n\t\t<div class=\"elementor-element elementor-element-c320a0c e-con-full e-flex e-con e-child\" data-id=\"c320a0c\" data-element_type=\"container\" data-e-type=\"container\">\n\t\t<div class=\"elementor-element elementor-element-7595698 e-con-full e-flex e-con e-child\" data-id=\"7595698\" data-element_type=\"container\" data-e-type=\"container\" data-settings=\"{&quot;background_background&quot;:&quot;classic&quot;}\">\n\t\t\t\t<div class=\"elementor-element elementor-element-bccd588 elementor-widget elementor-widget-image\" data-id=\"bccd588\" data-element_type=\"widget\" data-e-type=\"widget\" data-widget_type=\"image.default\">\n\t\t\t\t<div class=\"elementor-widget-container\">\n\t\t\t\t\t\t\t\t\t\t\t\t\t\t\t\t<a href=\"https:\/\/paraleloarquitecturaypaisaje.com\/condominio-mita-132\/\">\n\t\t\t\t\t\t\t<img decoding=\"async\" data-src=\"https:\/\/paraleloarquitecturaypaisaje.com\/wp-content\/uploads\/elementor\/thumbs\/Mita_-r1zlkypeh1wavbmj187bnhj03omxuslsfgy65g4n8s.jpeg\" title=\"Mita_\" alt=\"Mita_\" src=\"data:image\/svg+xml;base64,PHN2ZyB3aWR0aD0iMSIgaGVpZ2h0PSIxIiB4bWxucz0iaHR0cDovL3d3dy53My5vcmcvMjAwMC9zdmciPjwvc3ZnPg==\" class=\"lazyload\" style=\"--smush-placeholder-width: 500px; --smush-placeholder-aspect-ratio: 500\/350;\" \/>\t\t\t\t\t\t\t\t<\/a>\n\t\t\t\t\t\t\t\t\t\t\t\t\t\t\t<\/div>\n\t\t\t\t<\/div>\n\t\t\t\t<div class=\"elementor-element elementor-element-5e60d52 elementor-widget elementor-widget-text-editor\" data-id=\"5e60d52\" data-element_type=\"widget\" data-e-type=\"widget\" data-widget_type=\"text-editor.default\">\n\t\t\t\t<div class=\"elementor-widget-container\">\n\t\t\t\t\t\t\t\t\t<p><strong><a href=\"https:\/\/paraleloarquitecturaypaisaje.com\/condominio-mita-132\/\">Condominio Mita 132<\/a><\/strong><br \/><a href=\"https:\/\/paraleloarquitecturaypaisaje.com\/condominio-mita-132\/\">Punta de Mita, M\u00e9xico, <\/a><a href=\"https:\/\/paraleloarquitecturaypaisaje.com\/condominio-mita-132\/\">2023<\/a><\/p>\t\t\t\t\t\t\t\t<\/div>\n\t\t\t\t<\/div>\n\t\t\t\t<\/div>\n\t\t<div class=\"elementor-element elementor-element-22d27f4 e-con-full e-flex e-con e-child\" data-id=\"22d27f4\" data-element_type=\"container\" data-e-type=\"container\" data-settings=\"{&quot;background_background&quot;:&quot;classic&quot;}\">\n\t\t\t\t<div class=\"elementor-element elementor-element-4cf3435 elementor-widget elementor-widget-image\" data-id=\"4cf3435\" data-element_type=\"widget\" data-e-type=\"widget\" data-widget_type=\"image.default\">\n\t\t\t\t<div class=\"elementor-widget-container\">\n\t\t\t\t\t\t\t\t\t\t\t\t\t\t\t\t<a href=\"https:\/\/paraleloarquitecturaypaisaje.com\/la-paloma\/\">\n\t\t\t\t\t\t\t<img decoding=\"async\" data-src=\"https:\/\/paraleloarquitecturaypaisaje.com\/wp-content\/uploads\/elementor\/thumbs\/1.-La-Paloma-r009juqm0m19bv46wlaf9p4dcuj7zq1nuuychfcgq4.png\" title=\"1. La Paloma\" alt=\"La Paloma - Puerto Vallarta\" src=\"data:image\/svg+xml;base64,PHN2ZyB3aWR0aD0iMSIgaGVpZ2h0PSIxIiB4bWxucz0iaHR0cDovL3d3dy53My5vcmcvMjAwMC9zdmciPjwvc3ZnPg==\" class=\"lazyload\" style=\"--smush-placeholder-width: 500px; --smush-placeholder-aspect-ratio: 500\/350;\" \/>\t\t\t\t\t\t\t\t<\/a>\n\t\t\t\t\t\t\t\t\t\t\t\t\t\t\t<\/div>\n\t\t\t\t<\/div>\n\t\t\t\t<div class=\"elementor-element elementor-element-1bf21ca elementor-widget elementor-widget-text-editor\" data-id=\"1bf21ca\" data-element_type=\"widget\" data-e-type=\"widget\" data-widget_type=\"text-editor.default\">\n\t\t\t\t<div class=\"elementor-widget-container\">\n\t\t\t\t\t\t\t\t\t<p><strong><a href=\"https:\/\/paraleloarquitecturaypaisaje.com\/la-paloma\/\">La Paloma<\/a><\/strong><br \/><a href=\"https:\/\/paraleloarquitecturaypaisaje.com\/la-paloma\/\">Puerto Vallarta, M\u00e9xico, <\/a><a href=\"https:\/\/paraleloarquitecturaypaisaje.com\/la-paloma\/\">2018<\/a><\/p>\t\t\t\t\t\t\t\t<\/div>\n\t\t\t\t<\/div>\n\t\t\t\t<\/div>\n\t\t<div class=\"elementor-element elementor-element-631c068 e-con-full e-flex e-con e-child\" data-id=\"631c068\" data-element_type=\"container\" data-e-type=\"container\" data-settings=\"{&quot;background_background&quot;:&quot;classic&quot;}\">\n\t\t\t\t<div class=\"elementor-element elementor-element-e7a8dc1 elementor-widget elementor-widget-image\" data-id=\"e7a8dc1\" data-element_type=\"widget\" data-e-type=\"widget\" data-widget_type=\"image.default\">\n\t\t\t\t<div class=\"elementor-widget-container\">\n\t\t\t\t\t\t\t\t\t\t\t\t\t\t\t\t<a href=\"https:\/\/paraleloarquitecturaypaisaje.com\/edificio-los-sauces\/\">\n\t\t\t\t\t\t\t<img decoding=\"async\" data-src=\"https:\/\/paraleloarquitecturaypaisaje.com\/wp-content\/uploads\/elementor\/thumbs\/Los-Sauces-r1zkwphc3yox9kuxo8qwt3vs8q6y7zb5few3be3dt8.jpeg\" title=\"Los Sauces\" alt=\"Los Sauces\" src=\"data:image\/svg+xml;base64,PHN2ZyB3aWR0aD0iMSIgaGVpZ2h0PSIxIiB4bWxucz0iaHR0cDovL3d3dy53My5vcmcvMjAwMC9zdmciPjwvc3ZnPg==\" class=\"lazyload\" style=\"--smush-placeholder-width: 500px; --smush-placeholder-aspect-ratio: 500\/350;\" \/>\t\t\t\t\t\t\t\t<\/a>\n\t\t\t\t\t\t\t\t\t\t\t\t\t\t\t<\/div>\n\t\t\t\t<\/div>\n\t\t\t\t<div class=\"elementor-element elementor-element-51e4c67 elementor-widget elementor-widget-text-editor\" data-id=\"51e4c67\" data-element_type=\"widget\" data-e-type=\"widget\" data-widget_type=\"text-editor.default\">\n\t\t\t\t<div class=\"elementor-widget-container\">\n\t\t\t\t\t\t\t\t\t<p><strong><a href=\"https:\/\/paraleloarquitecturaypaisaje.com\/edificio-los-sauces\/\">Edificio Los Sauces<\/a><\/strong><br \/><a href=\"https:\/\/paraleloarquitecturaypaisaje.com\/edificio-los-sauces\/\">Puerto Vallarta, M\u00e9xico, <\/a><a href=\"https:\/\/paraleloarquitecturaypaisaje.com\/edificio-los-sauces\/\">2021<\/a><\/p>\t\t\t\t\t\t\t\t<\/div>\n\t\t\t\t<\/div>\n\t\t\t\t<\/div>\n\t\t\t\t<\/div>\n\t\t<div class=\"elementor-element elementor-element-1d3b1a5 e-con-full e-flex e-con e-child\" data-id=\"1d3b1a5\" data-element_type=\"container\" data-e-type=\"container\">\n\t\t<div class=\"elementor-element elementor-element-2bc179e e-con-full e-flex e-con e-child\" data-id=\"2bc179e\" data-element_type=\"container\" data-e-type=\"container\" data-settings=\"{&quot;background_background&quot;:&quot;classic&quot;}\">\n\t\t\t\t<div class=\"elementor-element elementor-element-636112c elementor-widget elementor-widget-image\" data-id=\"636112c\" data-element_type=\"widget\" data-e-type=\"widget\" data-widget_type=\"image.default\">\n\t\t\t\t<div class=\"elementor-widget-container\">\n\t\t\t\t\t\t\t\t\t\t\t\t\t\t\t\t<a href=\"https:\/\/paraleloarquitecturaypaisaje.com\/edificio-zyan\/\">\n\t\t\t\t\t\t\t<img decoding=\"async\" data-src=\"https:\/\/paraleloarquitecturaypaisaje.com\/wp-content\/uploads\/elementor\/thumbs\/4.-Edif-Zyan-r00a4bo2uq2265drdftxkj5r2xmzmfb806f0qczt7w.jpg\" title=\"4. Edif Zyan\" alt=\"Edificio Zyan - Puerto Vallarta\" src=\"data:image\/svg+xml;base64,PHN2ZyB3aWR0aD0iMSIgaGVpZ2h0PSIxIiB4bWxucz0iaHR0cDovL3d3dy53My5vcmcvMjAwMC9zdmciPjwvc3ZnPg==\" class=\"lazyload\" style=\"--smush-placeholder-width: 500px; --smush-placeholder-aspect-ratio: 500\/350;\" \/>\t\t\t\t\t\t\t\t<\/a>\n\t\t\t\t\t\t\t\t\t\t\t\t\t\t\t<\/div>\n\t\t\t\t<\/div>\n\t\t\t\t<div class=\"elementor-element elementor-element-6348cc5 elementor-widget elementor-widget-text-editor\" data-id=\"6348cc5\" data-element_type=\"widget\" data-e-type=\"widget\" data-widget_type=\"text-editor.default\">\n\t\t\t\t<div class=\"elementor-widget-container\">\n\t\t\t\t\t\t\t\t\t<p><strong><a href=\"https:\/\/paraleloarquitecturaypaisaje.com\/edificio-zyan\/\">Edificio Zyan<\/a><\/strong><br \/><a href=\"https:\/\/paraleloarquitecturaypaisaje.com\/edificio-zyan\/\">Puerto Vallarta, M\u00e9xico, <\/a><a href=\"https:\/\/paraleloarquitecturaypaisaje.com\/edificio-zyan\/\">2022<\/a><\/p>\t\t\t\t\t\t\t\t<\/div>\n\t\t\t\t<\/div>\n\t\t\t\t<\/div>\n\t\t<div class=\"elementor-element elementor-element-5c34c0c e-con-full e-flex e-con e-child\" data-id=\"5c34c0c\" data-element_type=\"container\" data-e-type=\"container\" data-settings=\"{&quot;background_background&quot;:&quot;classic&quot;}\">\n\t\t\t\t<div class=\"elementor-element elementor-element-6df85f8 elementor-widget elementor-widget-image\" data-id=\"6df85f8\" data-element_type=\"widget\" data-e-type=\"widget\" data-widget_type=\"image.default\">\n\t\t\t\t<div class=\"elementor-widget-container\">\n\t\t\t\t\t\t\t\t\t\t\t\t\t\t\t\t<a href=\"https:\/\/paraleloarquitecturaypaisaje.com\/edificio-independencia\/\">\n\t\t\t\t\t\t\t<img decoding=\"async\" data-src=\"https:\/\/paraleloarquitecturaypaisaje.com\/wp-content\/uploads\/elementor\/thumbs\/6.-Edif-Independencia-r00d75syqfs96udv5ul8329grlc49kbs8rr6xynlik.jpg\" title=\"6. Edif Independencia\" alt=\"Edificio Independencia - Puerto Vallarta\" src=\"data:image\/svg+xml;base64,PHN2ZyB3aWR0aD0iMSIgaGVpZ2h0PSIxIiB4bWxucz0iaHR0cDovL3d3dy53My5vcmcvMjAwMC9zdmciPjwvc3ZnPg==\" class=\"lazyload\" style=\"--smush-placeholder-width: 500px; --smush-placeholder-aspect-ratio: 500\/350;\" \/>\t\t\t\t\t\t\t\t<\/a>\n\t\t\t\t\t\t\t\t\t\t\t\t\t\t\t<\/div>\n\t\t\t\t<\/div>\n\t\t\t\t<div class=\"elementor-element elementor-element-b5c5910 elementor-widget elementor-widget-text-editor\" data-id=\"b5c5910\" data-element_type=\"widget\" data-e-type=\"widget\" data-widget_type=\"text-editor.default\">\n\t\t\t\t<div class=\"elementor-widget-container\">\n\t\t\t\t\t\t\t\t\t<p><strong><a href=\"https:\/\/paraleloarquitecturaypaisaje.com\/edificio-independencia\/\">Edificio Independencia<\/a><\/strong><br \/><a href=\"https:\/\/paraleloarquitecturaypaisaje.com\/edificio-independencia\/\">Puerto Vallarta, M\u00e9xico, <\/a><a href=\"https:\/\/paraleloarquitecturaypaisaje.com\/edificio-independencia\/\">2024<\/a><\/p>\t\t\t\t\t\t\t\t<\/div>\n\t\t\t\t<\/div>\n\t\t\t\t<\/div>\n\t\t<div class=\"elementor-element elementor-element-23ce7ff e-con-full e-flex e-con e-child\" data-id=\"23ce7ff\" data-element_type=\"container\" data-e-type=\"container\" data-settings=\"{&quot;background_background&quot;:&quot;classic&quot;}\">\n\t\t\t\t<div class=\"elementor-element elementor-element-3692dd4 elementor-widget elementor-widget-image\" data-id=\"3692dd4\" data-element_type=\"widget\" data-e-type=\"widget\" data-widget_type=\"image.default\">\n\t\t\t\t<div class=\"elementor-widget-container\">\n\t\t\t\t\t\t\t\t\t\t\t\t\t\t\t\t<a href=\"https:\/\/paraleloarquitecturaypaisaje.com\/rincon-de-tehuamixtle\/\">\n\t\t\t\t\t\t\t<img decoding=\"async\" data-src=\"https:\/\/paraleloarquitecturaypaisaje.com\/wp-content\/uploads\/elementor\/thumbs\/7.-Rincon-de-Tehua-1-r00dd1ang5trr3unuw0a62w6fadpdgne1ujfx7y0mk.png\" title=\"7. Rinc\u00f3n de Tehua 1\" alt=\"7. Rinc\u00f3n de Tehua 1\" src=\"data:image\/svg+xml;base64,PHN2ZyB3aWR0aD0iMSIgaGVpZ2h0PSIxIiB4bWxucz0iaHR0cDovL3d3dy53My5vcmcvMjAwMC9zdmciPjwvc3ZnPg==\" class=\"lazyload\" style=\"--smush-placeholder-width: 500px; --smush-placeholder-aspect-ratio: 500\/350;\" \/>\t\t\t\t\t\t\t\t<\/a>\n\t\t\t\t\t\t\t\t\t\t\t\t\t\t\t<\/div>\n\t\t\t\t<\/div>\n\t\t\t\t<div class=\"elementor-element elementor-element-9541930 elementor-widget elementor-widget-text-editor\" data-id=\"9541930\" data-element_type=\"widget\" data-e-type=\"widget\" data-widget_type=\"text-editor.default\">\n\t\t\t\t<div class=\"elementor-widget-container\">\n\t\t\t\t\t\t\t\t\t<p><strong><a href=\"https:\/\/paraleloarquitecturaypaisaje.com\/rincon-de-tehuamixtle\/\">Rinc\u00f3n de Tehuamixtle<\/a><\/strong><br \/><a href=\"https:\/\/paraleloarquitecturaypaisaje.com\/rincon-de-tehuamixtle\/\">Cabo Corrientes, M\u00e9xico, <\/a><a href=\"https:\/\/paraleloarquitecturaypaisaje.com\/rincon-de-tehuamixtle\/\">2024<\/a><\/p>\t\t\t\t\t\t\t\t<\/div>\n\t\t\t\t<\/div>\n\t\t\t\t<\/div>\n\t\t\t\t<\/div>\n\t\t<div class=\"elementor-element elementor-element-8b527f1 e-con-full e-flex e-con e-child\" data-id=\"8b527f1\" data-element_type=\"container\" data-e-type=\"container\">\n\t\t<div class=\"elementor-element elementor-element-388f66a e-con-full e-flex e-con e-child\" data-id=\"388f66a\" data-element_type=\"container\" data-e-type=\"container\" data-settings=\"{&quot;background_background&quot;:&quot;classic&quot;}\">\n\t\t\t\t<div class=\"elementor-element elementor-element-e7d9d12 elementor-widget elementor-widget-image\" data-id=\"e7d9d12\" data-element_type=\"widget\" data-e-type=\"widget\" data-widget_type=\"image.default\">\n\t\t\t\t<div class=\"elementor-widget-container\">\n\t\t\t\t\t\t\t\t\t\t\t\t\t\t\t\t<a href=\"https:\/\/paraleloarquitecturaypaisaje.com\/residencia-los-arboles\/\">\n\t\t\t\t\t\t\t<img decoding=\"async\" data-src=\"https:\/\/paraleloarquitecturaypaisaje.com\/wp-content\/uploads\/elementor\/thumbs\/2.-Residencia-Los-Arboles-1-r009qp0br7edtp6gyjqoeyz4zste0f7c4pvk7x7bfw.png\" title=\"2. Residencia Los \u00c1rboles 1\" alt=\"2. Residencia Los \u00c1rboles 1\" src=\"data:image\/svg+xml;base64,PHN2ZyB3aWR0aD0iMSIgaGVpZ2h0PSIxIiB4bWxucz0iaHR0cDovL3d3dy53My5vcmcvMjAwMC9zdmciPjwvc3ZnPg==\" class=\"lazyload\" style=\"--smush-placeholder-width: 500px; --smush-placeholder-aspect-ratio: 500\/350;\" \/>\t\t\t\t\t\t\t\t<\/a>\n\t\t\t\t\t\t\t\t\t\t\t\t\t\t\t<\/div>\n\t\t\t\t<\/div>\n\t\t\t\t<div class=\"elementor-element elementor-element-92aeae9 elementor-widget elementor-widget-text-editor\" data-id=\"92aeae9\" data-element_type=\"widget\" data-e-type=\"widget\" data-widget_type=\"text-editor.default\">\n\t\t\t\t<div class=\"elementor-widget-container\">\n\t\t\t\t\t\t\t\t\t<p><strong><a href=\"https:\/\/paraleloarquitecturaypaisaje.com\/residencia-los-arboles\/\">Residencia Los \u00c1rboles<\/a><\/strong><br \/><a href=\"https:\/\/paraleloarquitecturaypaisaje.com\/residencia-los-arboles\/\">Puerto Vallarta, M\u00e9xico, <\/a><a href=\"https:\/\/paraleloarquitecturaypaisaje.com\/residencia-los-arboles\/\">2018<\/a><\/p>\t\t\t\t\t\t\t\t<\/div>\n\t\t\t\t<\/div>\n\t\t\t\t<\/div>\n\t\t<div class=\"elementor-element elementor-element-425aed4 e-con-full e-flex e-con e-child\" data-id=\"425aed4\" data-element_type=\"container\" data-e-type=\"container\" data-settings=\"{&quot;background_background&quot;:&quot;classic&quot;}\">\n\t\t\t\t<\/div>\n\t\t<div class=\"elementor-element elementor-element-6a53a85 e-con-full e-flex e-con e-child\" data-id=\"6a53a85\" data-element_type=\"container\" data-e-type=\"container\" data-settings=\"{&quot;background_background&quot;:&quot;classic&quot;}\">\n\t\t\t\t<\/div>\n\t\t\t\t<\/div>\n\t\t\t\t\t<\/div>\n\t\t\t\t<\/div>\n\t\t<div class=\"elementor-element elementor-element-3769179 e-flex e-con-boxed e-con e-parent\" data-id=\"3769179\" data-element_type=\"container\" data-e-type=\"container\">\n\t\t\t\t\t<div class=\"e-con-inner\">\n\t\t\t\t<div class=\"elementor-element elementor-element-6245be1 elementor-widget elementor-widget-text-editor\" data-id=\"6245be1\" data-element_type=\"widget\" data-e-type=\"widget\" data-widget_type=\"text-editor.default\">\n\t\t\t\t<div class=\"elementor-widget-container\">\n\t\t\t\t\t\t\t\t\t<p>Comun\u00edcate con nosotros<\/p>\t\t\t\t\t\t\t\t<\/div>\n\t\t\t\t<\/div>\n\t\t\t\t\t<\/div>\n\t\t\t\t<\/div>\n\t\t<div class=\"elementor-element elementor-element-f2bce67 e-con-full e-flex e-con e-parent\" data-id=\"f2bce67\" data-element_type=\"container\" data-e-type=\"container\">\n\t\t\t\t<div class=\"elementor-element elementor-element-f4fe388 elementor-widget__width-initial fluentform-widget-submit-button-custom elementor-widget elementor-widget-fluent-form-widget\" data-id=\"f4fe388\" data-element_type=\"widget\" data-e-type=\"widget\" data-widget_type=\"fluent-form-widget.default\">\n\t\t\t\t<div class=\"elementor-widget-container\">\n\t\t\t\t\t\n            <div class=\"fluentform-widget-wrapper fluentform-widget-align-default\">\n\n            \n            <div class='fluentform ff-default fluentform_wrapper_1 ffs_default_wrap'><form data-form_id=\"1\" id=\"fluentform_1\" class=\"frm-fluent-form fluent_form_1 ff-el-form-top ff_form_instance_1_1 ff-form-loading ff_has_v3_recptcha ffs_default\" data-form_instance=\"ff_form_instance_1_1\" method=\"POST\" data-recptcha_key=\"6LdhPPcqAAAAAOmsbYw3WlkSfiAAAyodi7H2cwq2\" ><fieldset  style=\"border: none!important;margin: 0!important;padding: 0!important;background-color: transparent!important;box-shadow: none!important;outline: none!important; min-inline-size: 100%;\">\n                    <legend class=\"ff_screen_reader_title\" style=\"display: block; margin: 0!important;padding: 0!important;height: 0!important;text-indent: -999999px;width: 0!important;overflow:hidden;\">Contact Form<\/legend><input type='hidden' name='__fluent_form_embded_post_id' value='818' \/><input type=\"hidden\" id=\"_fluentform_1_fluentformnonce\" name=\"_fluentform_1_fluentformnonce\" value=\"01d3090bf3\" \/><input type=\"hidden\" name=\"_wp_http_referer\" value=\"\/en\/wp-json\/wp\/v2\/pages\/818\" \/><div data-type=\"name-element\" data-name=\"names\" class=\" ff-field_container ff-name-field-wrapper\" ><div class='ff-t-container'><div class='ff-t-cell '><div class='ff-el-group'><div class=\"ff-el-input--label ff-el-is-required asterisk-right\"><label for='ff_1_names_first_name_' id='label_ff_1_names_first_name_' >Nombre<\/label><\/div><div class='ff-el-input--content'><input type=\"text\" name=\"names[first_name]\" id=\"ff_1_names_first_name_\" class=\"ff-el-form-control\" placeholder=\"Tu nombre aqu\u00ed\" aria-invalid=\"false\" aria-required=true><\/div><\/div><\/div><\/div><\/div><div class='ff-el-group'><div class=\"ff-el-input--label ff-el-is-required asterisk-right\"><label for='ff_1_email' id='label_ff_1_email' aria-label=\"Email\">Email<\/label><\/div><div class='ff-el-input--content'><input type=\"email\" name=\"email\" id=\"ff_1_email\" class=\"ff-el-form-control\" placeholder=\"Tu email aqu\u00ed\" data-name=\"email\"  aria-invalid=\"false\" aria-required=true><\/div><\/div><div class='ff-el-group'><div class=\"ff-el-input--label asterisk-right\"><label for='ff_1_numeric_field' id='label_ff_1_numeric_field' aria-label=\"N\u00famero de contacto\">N\u00famero de contacto<\/label><\/div><div class='ff-el-input--content'><input type=\"number\" name=\"numeric_field\" id=\"ff_1_numeric_field\" class=\"ff-el-form-control\" placeholder=\"Tu n\u00famero aqu\u00ed\" data-name=\"numeric_field\" inputmode=\"numeric\" step=\"any\"  aria-invalid=\"false\" aria-required=false><\/div><\/div><div class='ff-el-group'><div class=\"ff-el-input--label ff-el-is-required asterisk-right\"><label for='ff_1_message' id='label_ff_1_message' aria-label=\"Cu\u00e9ntanos detalles\">Cu\u00e9ntanos detalles<\/label><\/div><div class='ff-el-input--content'><textarea aria-required=\"true\" aria-labelledby=\"label_ff_1_message\" name=\"message\" id=\"ff_1_message\" class=\"ff-el-form-control\" placeholder=\"Tus detalles aqu\u00ed\" rows=\"4\" cols=\"2\" data-name=\"message\" ><\/textarea><\/div><\/div><div class='ff-el-group ff-text-center ff_submit_btn_wrapper'><button type=\"submit\" class=\"ff-btn ff-btn-submit ff-btn-lg ff_btn_style wpf_has_custom_css\"  aria-label=\"Enviar\">Enviar<\/button><\/div><\/fieldset><\/form><div id='fluentform_1_errors' class='ff-errors-in-stack ff_form_instance_1_1 ff-form-loading_errors ff_form_instance_1_1_errors'><\/div><\/div>            <script type=\"text\/javascript\">\n                window.fluent_form_ff_form_instance_1_1 = {\"id\":\"1\",\"settings\":{\"layout\":{\"labelPlacement\":\"top\",\"helpMessagePlacement\":\"with_label\",\"errorMessagePlacement\":\"inline\",\"cssClassName\":\"\",\"asteriskPlacement\":\"asterisk-right\"},\"restrictions\":{\"denyEmptySubmission\":{\"enabled\":false}}},\"form_instance\":\"ff_form_instance_1_1\",\"form_id_selector\":\"fluentform_1\",\"rules\":{\"names[first_name]\":{\"required\":{\"value\":true,\"message\":\"Este campo es obligatorio\",\"global\":false,\"global_message\":\"This field is required\"}},\"names[middle_name]\":{\"required\":{\"value\":false,\"message\":\"This field is required\",\"global\":false,\"global_message\":\"This field is required\"}},\"names[last_name]\":{\"required\":{\"value\":false,\"message\":\"This field is required\",\"global\":false,\"global_message\":\"This field is required\"}},\"email\":{\"required\":{\"value\":true,\"message\":\"Este campo es obligatorio\",\"global\":false,\"global_message\":\"This field is required\"},\"email\":{\"value\":true,\"message\":\"Este campo debe contener un email v\\u00e1lido\",\"global\":false,\"global_message\":\"This field must contain a valid email\"}},\"numeric_field\":{\"required\":{\"value\":false,\"message\":\"This field is required\",\"global_message\":\"This field is required\",\"global\":true},\"numeric\":{\"value\":true,\"message\":\"This field must contain numeric value\",\"global_message\":\"This field must contain numeric value\",\"global\":true},\"min\":{\"value\":\"\",\"message\":\"Validation fails for minimum value\",\"global_message\":\"Validation fails for minimum value\",\"global\":true},\"max\":{\"value\":\"\",\"message\":\"Validation fails for maximum value\",\"global_message\":\"Validation fails for maximum value\",\"global\":true},\"digits\":{\"value\":\"\",\"message\":\"Validation fails for limited digits\",\"global_message\":\"Validation fails for limited digits\",\"global\":true}},\"message\":{\"required\":{\"value\":true,\"message\":\"Este campo es obligatorio\",\"global\":false,\"global_message\":\"This field is required\"}},\"g-recaptcha-response\":[]},\"debounce_time\":300};\n                            <\/script>\n                        <\/div>\n\n            \t\t\t\t<\/div>\n\t\t\t\t<\/div>\n\t\t<div class=\"elementor-element elementor-element-2901f88 e-grid e-con-full e-con e-child\" data-id=\"2901f88\" data-element_type=\"container\" data-e-type=\"container\">\n\t\t\t\t<div class=\"elementor-element elementor-element-c8c4547 elementor-widget elementor-widget-image\" data-id=\"c8c4547\" data-element_type=\"widget\" data-e-type=\"widget\" data-widget_type=\"image.default\">\n\t\t\t\t<div class=\"elementor-widget-container\">\n\t\t\t\t\t\t\t\t\t\t\t\t\t\t\t\t<a href=\"https:\/\/www.linkedin.com\/in\/gabriela-ignacia-alvarado-06186a1b2\/\" target=\"_blank\" rel=\"nofollow noopener\">\n\t\t\t\t\t\t\t<img decoding=\"async\" width=\"204\" height=\"192\" data-src=\"https:\/\/paraleloarquitecturaypaisaje.com\/wp-content\/uploads\/2025\/01\/linnkedin.png\" class=\"attachment-large size-large wp-image-117 lazyload\" alt=\"\" src=\"data:image\/svg+xml;base64,PHN2ZyB3aWR0aD0iMSIgaGVpZ2h0PSIxIiB4bWxucz0iaHR0cDovL3d3dy53My5vcmcvMjAwMC9zdmciPjwvc3ZnPg==\" style=\"--smush-placeholder-width: 204px; --smush-placeholder-aspect-ratio: 204\/192;\" \/>\t\t\t\t\t\t\t\t<\/a>\n\t\t\t\t\t\t\t\t\t\t\t\t\t\t\t<\/div>\n\t\t\t\t<\/div>\n\t\t\t\t<div class=\"elementor-element elementor-element-1d1a23f elementor-widget elementor-widget-image\" data-id=\"1d1a23f\" data-element_type=\"widget\" data-e-type=\"widget\" data-widget_type=\"image.default\">\n\t\t\t\t<div class=\"elementor-widget-container\">\n\t\t\t\t\t\t\t\t\t\t\t\t\t\t\t\t<a href=\"https:\/\/www.instagram.com\/arquitectos_paralelo\/\" target=\"_blank\" rel=\"nofollow noopener\">\n\t\t\t\t\t\t\t<img fetchpriority=\"high\" decoding=\"async\" width=\"248\" height=\"203\" src=\"https:\/\/paraleloarquitecturaypaisaje.com\/wp-content\/uploads\/2025\/01\/ig.png\" class=\"attachment-large size-large wp-image-116\" alt=\"\" \/>\t\t\t\t\t\t\t\t<\/a>\n\t\t\t\t\t\t\t\t\t\t\t\t\t\t\t<\/div>\n\t\t\t\t<\/div>\n\t\t\t\t<div class=\"elementor-element elementor-element-67fad56 elementor-widget elementor-widget-image\" data-id=\"67fad56\" data-element_type=\"widget\" data-e-type=\"widget\" data-widget_type=\"image.default\">\n\t\t\t\t<div class=\"elementor-widget-container\">\n\t\t\t\t\t\t\t\t\t\t\t\t\t\t\t\t<a href=\"https:\/\/api.whatsapp.com\/send\/?phone=523221589073\" target=\"_blank\" rel=\"nofollow noopener\">\n\t\t\t\t\t\t\t<img decoding=\"async\" width=\"225\" height=\"225\" data-src=\"https:\/\/paraleloarquitecturaypaisaje.com\/wp-content\/uploads\/2025\/01\/wa.png\" class=\"attachment-large size-large wp-image-118 lazyload\" alt=\"\" data-srcset=\"https:\/\/paraleloarquitecturaypaisaje.com\/wp-content\/uploads\/2025\/01\/wa.png 225w, https:\/\/paraleloarquitecturaypaisaje.com\/wp-content\/uploads\/2025\/01\/wa-150x150.png 150w\" data-sizes=\"(max-width: 225px) 100vw, 225px\" src=\"data:image\/svg+xml;base64,PHN2ZyB3aWR0aD0iMSIgaGVpZ2h0PSIxIiB4bWxucz0iaHR0cDovL3d3dy53My5vcmcvMjAwMC9zdmciPjwvc3ZnPg==\" style=\"--smush-placeholder-width: 225px; --smush-placeholder-aspect-ratio: 225\/225;\" \/>\t\t\t\t\t\t\t\t<\/a>\n\t\t\t\t\t\t\t\t\t\t\t\t\t\t\t<\/div>\n\t\t\t\t<\/div>\n\t\t\t\t<\/div>\n\t\t\t\t<\/div>\n\t\t\t\t<\/div>\n\t\t","protected":false},"excerpt":{"rendered":"<p>Arquitectura habitacional vertical Condominio Mita 132Punta de Mita, M\u00e9xico, 2023 La PalomaPuerto Vallarta, M\u00e9xico, 2018 Edificio Los SaucesPuerto Vallarta, M\u00e9xico, 2021 Edificio ZyanPuerto Vallarta, M\u00e9xico, 2022 Edificio IndependenciaPuerto Vallarta, M\u00e9xico, 2024 Rinc\u00f3n de TehuamixtleCabo Corrientes, M\u00e9xico, 2024 Residencia Los \u00c1rbolesPuerto Vallarta, M\u00e9xico, 2018 Comun\u00edcate con nosotros Contact Form NombreEmailN\u00famero de contactoCu\u00e9ntanos detallesEnviar<\/p>","protected":false},"author":1,"featured_media":536,"parent":0,"menu_order":0,"comment_status":"closed","ping_status":"closed","template":"elementor_header_footer","meta":{"footnotes":""},"class_list":["post-818","page","type-page","status-publish","has-post-thumbnail","hentry","entry","has-media"],"_links":{"self":[{"href":"https:\/\/paraleloarquitecturaypaisaje.com\/en\/wp-json\/wp\/v2\/pages\/818","targetHints":{"allow":["GET"]}}],"collection":[{"href":"https:\/\/paraleloarquitecturaypaisaje.com\/en\/wp-json\/wp\/v2\/pages"}],"about":[{"href":"https:\/\/paraleloarquitecturaypaisaje.com\/en\/wp-json\/wp\/v2\/types\/page"}],"author":[{"embeddable":true,"href":"https:\/\/paraleloarquitecturaypaisaje.com\/en\/wp-json\/wp\/v2\/users\/1"}],"replies":[{"embeddable":true,"href":"https:\/\/paraleloarquitecturaypaisaje.com\/en\/wp-json\/wp\/v2\/comments?post=818"}],"version-history":[{"count":44,"href":"https:\/\/paraleloarquitecturaypaisaje.com\/en\/wp-json\/wp\/v2\/pages\/818\/revisions"}],"predecessor-version":[{"id":2742,"href":"https:\/\/paraleloarquitecturaypaisaje.com\/en\/wp-json\/wp\/v2\/pages\/818\/revisions\/2742"}],"wp:featuredmedia":[{"embeddable":true,"href":"https:\/\/paraleloarquitecturaypaisaje.com\/en\/wp-json\/wp\/v2\/media\/536"}],"wp:attachment":[{"href":"https:\/\/paraleloarquitecturaypaisaje.com\/en\/wp-json\/wp\/v2\/media?parent=818"}],"curies":[{"name":"wp","href":"https:\/\/api.w.org\/{rel}","templated":true}]}}